{"id":178,"date":"2025-09-29T13:34:34","date_gmt":"2025-09-29T13:34:34","guid":{"rendered":"https:\/\/magical-mcnulty.84-247-140-18.plesk.page\/?post_type=product&#038;p=178"},"modified":"2026-04-12T04:03:54","modified_gmt":"2026-04-12T04:03:54","slug":"robe-citadine-tricolore-8","status":"publish","type":"product","link":"https:\/\/magical-mcnulty.84-247-140-18.plesk.page\/en\/product\/robe-citadine-tricolore-8\/","title":{"rendered":"Urban Tricolor Dress 8 Selection"},"content":{"rendered":"<p>Country of origin: Senegal<\/p>\n<p>Dry clean only \/ Hand wash cold \/ Avoid direct sunlight.<\/p>\n\n    <div class=\"xs_social_share_widget xs_share_url after_content \t\tmain_content  wslu-style-1 wslu-share-box-shaped wslu-fill-colored wslu-none wslu-share-horizontal wslu-theme-font-no wslu-main_content\">\n\n\t\t\n        <ul>\n\t\t\t        <\/ul>\n    <\/div>","protected":false},"excerpt":{"rendered":"<p>Contemporary-inspired city dress in colorful fabric.<\/p>","protected":false},"featured_media":136,"comment_status":"open","ping_status":"closed","template":"","meta":{"_acf_changed":false,"postBodyCss":"","postBodyMargin":[],"postBodyPadding":[],"postBodyBackground":{"backgroundType":"classic","gradient":""}},"product_brand":[34],"product_cat":[105],"product_tag":[],"class_list":{"0":"post-178","1":"product","2":"type-product","3":"status-publish","4":"has-post-thumbnail","6":"product_brand-al-gueye","7":"product_cat-selection","9":"first","10":"instock","11":"shipping-taxable","12":"purchasable","13":"product-type-variable"},"acf":[],"yoast_head":"<!-- This site is optimized with the Yoast SEO plugin v27.3 - https:\/\/yoast.com\/product\/yoast-seo-wordpress\/ -->\n<title>Robe Citadine Tricolore 8 S\u00e9lection - Baana Baana Boutique<\/title>\n<meta name=\"description\" content=\"Robe citadine inspir\u00e9e du style contemporain, confectionn\u00e9e en tissu color\u00e9.\" \/>\n<meta name=\"robots\" content=\"index, follow, max-snippet:-1, max-image-preview:large, max-video-preview:-1\" \/>\n<link rel=\"canonical\" href=\"https:\/\/magical-mcnulty.84-247-140-18.plesk.page\/en\/product\/robe-citadine-tricolore-8\/\" \/>\n<meta property=\"og:locale\" content=\"en_US\" \/>\n<meta property=\"og:type\" content=\"article\" \/>\n<meta property=\"og:title\" content=\"Robe Citadine Tricolore 8 S\u00e9lection - Baana Baana Boutique\" \/>\n<meta property=\"og:description\" content=\"Robe citadine inspir\u00e9e du style contemporain, confectionn\u00e9e en tissu color\u00e9.\" \/>\n<meta property=\"og:url\" content=\"https:\/\/magical-mcnulty.84-247-140-18.plesk.page\/en\/product\/robe-citadine-tricolore-8\/\" \/>\n<meta property=\"og:site_name\" content=\"Baana Baana Boutique\" \/>\n<meta property=\"article:publisher\" content=\"https:\/\/www.facebook.com\/baanabaanaboutique\/\" \/>\n<meta property=\"article:modified_time\" content=\"2026-04-12T04:03:54+00:00\" \/>\n<meta property=\"og:image\" content=\"https:\/\/magical-mcnulty.84-247-140-18.plesk.page\/wp-content\/uploads\/2025\/09\/12-e1759269745394.png\" \/>\n\t<meta property=\"og:image:width\" content=\"946\" \/>\n\t<meta property=\"og:image:height\" content=\"1200\" \/>\n\t<meta property=\"og:image:type\" content=\"image\/png\" \/>\n<meta name=\"twitter:card\" content=\"summary_large_image\" \/>\n<meta name=\"twitter:label1\" content=\"Est. reading time\" \/>\n\t<meta name=\"twitter:data1\" content=\"1 minute\" \/>\n<script type=\"application\/ld+json\" class=\"yoast-schema-graph\">{\"@context\":\"https:\\\/\\\/schema.org\",\"@graph\":[{\"@type\":\"WebPage\",\"@id\":\"https:\\\/\\\/magical-mcnulty.84-247-140-18.plesk.page\\\/product\\\/robe-citadine-tricolore-8\\\/\",\"url\":\"https:\\\/\\\/magical-mcnulty.84-247-140-18.plesk.page\\\/product\\\/robe-citadine-tricolore-8\\\/\",\"name\":\"Robe Citadine Tricolore 8 S\u00e9lection - Baana Baana Boutique\",\"isPartOf\":{\"@id\":\"https:\\\/\\\/magical-mcnulty.84-247-140-18.plesk.page\\\/#website\"},\"primaryImageOfPage\":{\"@id\":\"https:\\\/\\\/magical-mcnulty.84-247-140-18.plesk.page\\\/product\\\/robe-citadine-tricolore-8\\\/#primaryimage\"},\"image\":{\"@id\":\"https:\\\/\\\/magical-mcnulty.84-247-140-18.plesk.page\\\/product\\\/robe-citadine-tricolore-8\\\/#primaryimage\"},\"thumbnailUrl\":\"https:\\\/\\\/magical-mcnulty.84-247-140-18.plesk.page\\\/wp-content\\\/uploads\\\/2025\\\/09\\\/12-e1759269745394.png\",\"datePublished\":\"2025-09-29T13:34:34+00:00\",\"dateModified\":\"2026-04-12T04:03:54+00:00\",\"description\":\"Robe citadine inspir\u00e9e du style contemporain, confectionn\u00e9e en tissu color\u00e9.\",\"breadcrumb\":{\"@id\":\"https:\\\/\\\/magical-mcnulty.84-247-140-18.plesk.page\\\/product\\\/robe-citadine-tricolore-8\\\/#breadcrumb\"},\"inLanguage\":\"en-US\",\"potentialAction\":[{\"@type\":\"ReadAction\",\"target\":[\"https:\\\/\\\/magical-mcnulty.84-247-140-18.plesk.page\\\/product\\\/robe-citadine-tricolore-8\\\/\"]}]},{\"@type\":\"ImageObject\",\"inLanguage\":\"en-US\",\"@id\":\"https:\\\/\\\/magical-mcnulty.84-247-140-18.plesk.page\\\/product\\\/robe-citadine-tricolore-8\\\/#primaryimage\",\"url\":\"https:\\\/\\\/magical-mcnulty.84-247-140-18.plesk.page\\\/wp-content\\\/uploads\\\/2025\\\/09\\\/12-e1759269745394.png\",\"contentUrl\":\"https:\\\/\\\/magical-mcnulty.84-247-140-18.plesk.page\\\/wp-content\\\/uploads\\\/2025\\\/09\\\/12-e1759269745394.png\",\"width\":946,\"height\":1200},{\"@type\":\"BreadcrumbList\",\"@id\":\"https:\\\/\\\/magical-mcnulty.84-247-140-18.plesk.page\\\/product\\\/robe-citadine-tricolore-8\\\/#breadcrumb\",\"itemListElement\":[{\"@type\":\"ListItem\",\"position\":1,\"name\":\"Home\",\"item\":\"https:\\\/\\\/magical-mcnulty.84-247-140-18.plesk.page\\\/\"},{\"@type\":\"ListItem\",\"position\":2,\"name\":\"S\u00c9LECTION\",\"item\":\"https:\\\/\\\/magical-mcnulty.84-247-140-18.plesk.page\\\/selection\\\/\"},{\"@type\":\"ListItem\",\"position\":3,\"name\":\"Robe Citadine Tricolore 8 S\u00e9lection\"}]},{\"@type\":\"WebSite\",\"@id\":\"https:\\\/\\\/magical-mcnulty.84-247-140-18.plesk.page\\\/#website\",\"url\":\"https:\\\/\\\/magical-mcnulty.84-247-140-18.plesk.page\\\/\",\"name\":\"Baana Baana Boutique\",\"description\":\"Red\u00e9finissons l&#039;achat en ligne !\",\"publisher\":{\"@id\":\"https:\\\/\\\/magical-mcnulty.84-247-140-18.plesk.page\\\/#organization\"},\"potentialAction\":[{\"@type\":\"SearchAction\",\"target\":{\"@type\":\"EntryPoint\",\"urlTemplate\":\"https:\\\/\\\/magical-mcnulty.84-247-140-18.plesk.page\\\/?s={search_term_string}\"},\"query-input\":{\"@type\":\"PropertyValueSpecification\",\"valueRequired\":true,\"valueName\":\"search_term_string\"}}],\"inLanguage\":\"en-US\"},{\"@type\":\"Organization\",\"@id\":\"https:\\\/\\\/magical-mcnulty.84-247-140-18.plesk.page\\\/#organization\",\"name\":\"Baana Baana Boutique\",\"url\":\"https:\\\/\\\/magical-mcnulty.84-247-140-18.plesk.page\\\/\",\"logo\":{\"@type\":\"ImageObject\",\"inLanguage\":\"en-US\",\"@id\":\"https:\\\/\\\/magical-mcnulty.84-247-140-18.plesk.page\\\/#\\\/schema\\\/logo\\\/image\\\/\",\"url\":\"https:\\\/\\\/magical-mcnulty.84-247-140-18.plesk.page\\\/wp-content\\\/uploads\\\/2025\\\/10\\\/favicon-baana-baana-boutique-2.png\",\"contentUrl\":\"https:\\\/\\\/magical-mcnulty.84-247-140-18.plesk.page\\\/wp-content\\\/uploads\\\/2025\\\/10\\\/favicon-baana-baana-boutique-2.png\",\"width\":512,\"height\":512,\"caption\":\"Baana Baana Boutique\"},\"image\":{\"@id\":\"https:\\\/\\\/magical-mcnulty.84-247-140-18.plesk.page\\\/#\\\/schema\\\/logo\\\/image\\\/\"},\"sameAs\":[\"https:\\\/\\\/www.facebook.com\\\/baanabaanaboutique\\\/\",\"https:\\\/\\\/www.instagram.com\\\/baanabaanaboutique\\\/\"]}]}<\/script>\n<!-- \/ Yoast SEO plugin. -->","yoast_head_json":{"title":"Robe Citadine Tricolore 8 S\u00e9lection - Baana Baana Boutique","description":"Contemporary-inspired city dress in colorful fabric.","robots":{"index":"index","follow":"follow","max-snippet":"max-snippet:-1","max-image-preview":"max-image-preview:large","max-video-preview":"max-video-preview:-1"},"canonical":"https:\/\/magical-mcnulty.84-247-140-18.plesk.page\/en\/product\/robe-citadine-tricolore-8\/","og_locale":"en_US","og_type":"article","og_title":"Robe Citadine Tricolore 8 S\u00e9lection - Baana Baana Boutique","og_description":"Robe citadine inspir\u00e9e du style contemporain, confectionn\u00e9e en tissu color\u00e9.","og_url":"https:\/\/magical-mcnulty.84-247-140-18.plesk.page\/en\/product\/robe-citadine-tricolore-8\/","og_site_name":"Baana Baana Boutique","article_publisher":"https:\/\/www.facebook.com\/baanabaanaboutique\/","article_modified_time":"2026-04-12T04:03:54+00:00","og_image":[{"width":946,"height":1200,"url":"https:\/\/magical-mcnulty.84-247-140-18.plesk.page\/wp-content\/uploads\/2025\/09\/12-e1759269745394.png","type":"image\/png"}],"twitter_card":"summary_large_image","twitter_misc":{"Est. reading time":"1 minute"},"schema":{"@context":"https:\/\/schema.org","@graph":[{"@type":"WebPage","@id":"https:\/\/magical-mcnulty.84-247-140-18.plesk.page\/product\/robe-citadine-tricolore-8\/","url":"https:\/\/magical-mcnulty.84-247-140-18.plesk.page\/product\/robe-citadine-tricolore-8\/","name":"Robe Citadine Tricolore 8 S\u00e9lection - Baana Baana Boutique","isPartOf":{"@id":"https:\/\/magical-mcnulty.84-247-140-18.plesk.page\/#website"},"primaryImageOfPage":{"@id":"https:\/\/magical-mcnulty.84-247-140-18.plesk.page\/product\/robe-citadine-tricolore-8\/#primaryimage"},"image":{"@id":"https:\/\/magical-mcnulty.84-247-140-18.plesk.page\/product\/robe-citadine-tricolore-8\/#primaryimage"},"thumbnailUrl":"https:\/\/magical-mcnulty.84-247-140-18.plesk.page\/wp-content\/uploads\/2025\/09\/12-e1759269745394.png","datePublished":"2025-09-29T13:34:34+00:00","dateModified":"2026-04-12T04:03:54+00:00","description":"Contemporary-inspired city dress in colorful fabric.","breadcrumb":{"@id":"https:\/\/magical-mcnulty.84-247-140-18.plesk.page\/product\/robe-citadine-tricolore-8\/#breadcrumb"},"inLanguage":"en-US","potentialAction":[{"@type":"ReadAction","target":["https:\/\/magical-mcnulty.84-247-140-18.plesk.page\/product\/robe-citadine-tricolore-8\/"]}]},{"@type":"ImageObject","inLanguage":"en-US","@id":"https:\/\/magical-mcnulty.84-247-140-18.plesk.page\/product\/robe-citadine-tricolore-8\/#primaryimage","url":"https:\/\/magical-mcnulty.84-247-140-18.plesk.page\/wp-content\/uploads\/2025\/09\/12-e1759269745394.png","contentUrl":"https:\/\/magical-mcnulty.84-247-140-18.plesk.page\/wp-content\/uploads\/2025\/09\/12-e1759269745394.png","width":946,"height":1200},{"@type":"BreadcrumbList","@id":"https:\/\/magical-mcnulty.84-247-140-18.plesk.page\/product\/robe-citadine-tricolore-8\/#breadcrumb","itemListElement":[{"@type":"ListItem","position":1,"name":"Home","item":"https:\/\/magical-mcnulty.84-247-140-18.plesk.page\/"},{"@type":"ListItem","position":2,"name":"S\u00c9LECTION","item":"https:\/\/magical-mcnulty.84-247-140-18.plesk.page\/selection\/"},{"@type":"ListItem","position":3,"name":"Robe Citadine Tricolore 8 S\u00e9lection"}]},{"@type":"WebSite","@id":"https:\/\/magical-mcnulty.84-247-140-18.plesk.page\/#website","url":"https:\/\/magical-mcnulty.84-247-140-18.plesk.page\/","name":"Baana Baana Boutique","description":"Red\u00e9finissons l&#039;achat en ligne !","publisher":{"@id":"https:\/\/magical-mcnulty.84-247-140-18.plesk.page\/#organization"},"potentialAction":[{"@type":"SearchAction","target":{"@type":"EntryPoint","urlTemplate":"https:\/\/magical-mcnulty.84-247-140-18.plesk.page\/?s={search_term_string}"},"query-input":{"@type":"PropertyValueSpecification","valueRequired":true,"valueName":"search_term_string"}}],"inLanguage":"en-US"},{"@type":"Organization","@id":"https:\/\/magical-mcnulty.84-247-140-18.plesk.page\/#organization","name":"Baana Baana Boutique","url":"https:\/\/magical-mcnulty.84-247-140-18.plesk.page\/","logo":{"@type":"ImageObject","inLanguage":"en-US","@id":"https:\/\/magical-mcnulty.84-247-140-18.plesk.page\/#\/schema\/logo\/image\/","url":"https:\/\/magical-mcnulty.84-247-140-18.plesk.page\/wp-content\/uploads\/2025\/10\/favicon-baana-baana-boutique-2.png","contentUrl":"https:\/\/magical-mcnulty.84-247-140-18.plesk.page\/wp-content\/uploads\/2025\/10\/favicon-baana-baana-boutique-2.png","width":512,"height":512,"caption":"Baana Baana Boutique"},"image":{"@id":"https:\/\/magical-mcnulty.84-247-140-18.plesk.page\/#\/schema\/logo\/image\/"},"sameAs":["https:\/\/www.facebook.com\/baanabaanaboutique\/","https:\/\/www.instagram.com\/baanabaanaboutique\/"]}]}},"_links":{"self":[{"href":"https:\/\/magical-mcnulty.84-247-140-18.plesk.page\/en\/wp-json\/wp\/v2\/product\/178","targetHints":{"allow":["GET"]}}],"collection":[{"href":"https:\/\/magical-mcnulty.84-247-140-18.plesk.page\/en\/wp-json\/wp\/v2\/product"}],"about":[{"href":"https:\/\/magical-mcnulty.84-247-140-18.plesk.page\/en\/wp-json\/wp\/v2\/types\/product"}],"replies":[{"embeddable":true,"href":"https:\/\/magical-mcnulty.84-247-140-18.plesk.page\/en\/wp-json\/wp\/v2\/comments?post=178"}],"wp:featuredmedia":[{"embeddable":true,"href":"https:\/\/magical-mcnulty.84-247-140-18.plesk.page\/en\/wp-json\/wp\/v2\/media\/136"}],"wp:attachment":[{"href":"https:\/\/magical-mcnulty.84-247-140-18.plesk.page\/en\/wp-json\/wp\/v2\/media?parent=178"}],"wp:term":[{"taxonomy":"product_brand","embeddable":true,"href":"https:\/\/magical-mcnulty.84-247-140-18.plesk.page\/en\/wp-json\/wp\/v2\/product_brand?post=178"},{"taxonomy":"product_cat","embeddable":true,"href":"https:\/\/magical-mcnulty.84-247-140-18.plesk.page\/en\/wp-json\/wp\/v2\/product_cat?post=178"},{"taxonomy":"product_tag","embeddable":true,"href":"https:\/\/magical-mcnulty.84-247-140-18.plesk.page\/en\/wp-json\/wp\/v2\/product_tag?post=178"}],"curies":[{"name":"wp","href":"https:\/\/api.w.org\/{rel}","templated":true}]}}