{"id":966,"date":"2025-10-10T17:48:17","date_gmt":"2025-10-10T17:48:17","guid":{"rendered":"https:\/\/magical-mcnulty.84-247-140-18.plesk.page\/?page_id=966"},"modified":"2025-11-25T21:15:50","modified_gmt":"2025-11-25T21:15:50","slug":"mon-compte","status":"publish","type":"page","link":"https:\/\/magical-mcnulty.84-247-140-18.plesk.page\/fr\/mon-compte\/","title":{"rendered":"Mon compte"},"content":{"rendered":"\t\t<div data-elementor-type=\"wp-page\" data-elementor-id=\"966\" class=\"elementor elementor-966\" data-elementor-post-type=\"page\">\n\t\t\t\t<div class=\"elementor-element elementor-element-dbf05a5 e-con-full e-flex wpr-particle-no wpr-jarallax-no wpr-parallax-no wpr-sticky-section-no wpr-equal-height-no e-con e-parent\" data-id=\"dbf05a5\" data-element_type=\"container\" data-e-type=\"container\">\n\t\t\t\t<div class=\"elementor-element elementor-element-7d62b79 elementor-widget__width-inherit e-my-account-tabs-vertical elementor-widget elementor-widget-woocommerce-my-account\" data-id=\"7d62b79\" data-element_type=\"widget\" data-e-type=\"widget\" data-settings=\"{&quot;customize_dashboard_check&quot;:&quot;yes&quot;}\" data-widget_type=\"woocommerce-my-account.default\">\n\t\t\t\t\t<div class=\"e-my-account-tab e-my-account-tab__ \">\t\t\t<div class=\"woocommerce\"><\/div>\t\t<\/div>\n\t\t\t\t\t\t<\/div>\n\t\t\t\t<\/div>\n\t\t\t\t<\/div>\n\t\t\n    <div class=\"xs_social_share_widget xs_share_url after_content \t\tmain_content  wslu-style-1 wslu-share-box-shaped wslu-fill-colored wslu-none wslu-share-horizontal wslu-theme-font-no wslu-main_content\">\n\n\t\t\n        <ul>\n\t\t\t        <\/ul>\n    <\/div> \n","protected":false},"excerpt":{"rendered":"<p>Tableau de bord Commandes Adresses D\u00e9tails du compte Mes mensurations D\u00e9connexion Bonjour admin (vous n\u2019\u00eates pas admin\u00a0? D\u00e9connexion) \u00c0 partir du tableau de bord de votre compte, vous pouvez visualiser vos commandes r\u00e9centes, g\u00e9rer vos adresses de livraison et de facturation ainsi que changer votre mot de passe et les d\u00e9tails de votre compte.<\/p>\n","protected":false},"author":1,"featured_media":0,"parent":0,"menu_order":0,"comment_status":"closed","ping_status":"closed","template":"","meta":{"_acf_changed":false,"postBodyCss":"","postBodyMargin":[],"postBodyPadding":[],"postBodyBackground":{"backgroundType":"classic","gradient":""},"footnotes":""},"class_list":["post-966","page","type-page","status-publish","hentry"],"acf":[],"yoast_head":"<!-- This site is optimized with the Yoast SEO plugin v27.3 - https:\/\/yoast.com\/product\/yoast-seo-wordpress\/ -->\n<title>Mon compte - Baana Baana Boutique<\/title>\n<meta name=\"description\" content=\"Tableau de bord Commandes Adresses D\u00e9tails du compte Mes mensurations D\u00e9connexion Bonjour admin (vous n\u2019\u00eates pas admin\u00a0? D\u00e9connexion) \u00c0 partir du tableau\" \/>\n<meta name=\"robots\" content=\"index, follow, max-snippet:-1, max-image-preview:large, max-video-preview:-1\" \/>\n<link rel=\"canonical\" href=\"https:\/\/magical-mcnulty.84-247-140-18.plesk.page\/fr\/mon-compte\/\" \/>\n<meta property=\"og:locale\" content=\"fr_FR\" \/>\n<meta property=\"og:type\" content=\"article\" \/>\n<meta property=\"og:title\" content=\"Mon compte - Baana Baana Boutique\" \/>\n<meta property=\"og:description\" content=\"Tableau de bord Commandes Adresses D\u00e9tails du compte Mes mensurations D\u00e9connexion Bonjour admin (vous n\u2019\u00eates pas admin\u00a0? D\u00e9connexion) \u00c0 partir du tableau\" \/>\n<meta property=\"og:url\" content=\"https:\/\/magical-mcnulty.84-247-140-18.plesk.page\/fr\/mon-compte\/\" \/>\n<meta property=\"og:site_name\" content=\"Baana Baana Boutique\" \/>\n<meta property=\"article:publisher\" content=\"https:\/\/www.facebook.com\/baanabaanaboutique\/\" \/>\n<meta property=\"article:modified_time\" content=\"2025-11-25T21:15:50+00:00\" \/>\n<meta property=\"og:image\" content=\"https:\/\/magical-mcnulty.84-247-140-18.plesk.page\/wp-content\/uploads\/2025\/10\/favicon-baana-baana-boutique-2.png\" \/>\n\t<meta property=\"og:image:width\" content=\"512\" \/>\n\t<meta property=\"og:image:height\" content=\"512\" \/>\n\t<meta property=\"og:image:type\" content=\"image\/png\" \/>\n<meta name=\"twitter:card\" content=\"summary_large_image\" \/>\n<meta name=\"twitter:label1\" content=\"Dur\u00e9e de lecture estim\u00e9e\" \/>\n\t<meta name=\"twitter:data1\" content=\"2 minutes\" \/>\n<script type=\"application\/ld+json\" class=\"yoast-schema-graph\">{\"@context\":\"https:\\\/\\\/schema.org\",\"@graph\":[{\"@type\":\"WebPage\",\"@id\":\"https:\\\/\\\/magical-mcnulty.84-247-140-18.plesk.page\\\/mon-compte\\\/\",\"url\":\"https:\\\/\\\/magical-mcnulty.84-247-140-18.plesk.page\\\/mon-compte\\\/\",\"name\":\"Mon compte - Baana Baana Boutique\",\"isPartOf\":{\"@id\":\"https:\\\/\\\/magical-mcnulty.84-247-140-18.plesk.page\\\/#website\"},\"datePublished\":\"2025-10-10T17:48:17+00:00\",\"dateModified\":\"2025-11-25T21:15:50+00:00\",\"description\":\"Tableau de bord Commandes Adresses D\u00e9tails du compte Mes mensurations D\u00e9connexion Bonjour admin (vous n\u2019\u00eates pas admin\u00a0? D\u00e9connexion) \u00c0 partir du tableau\",\"breadcrumb\":{\"@id\":\"https:\\\/\\\/magical-mcnulty.84-247-140-18.plesk.page\\\/mon-compte\\\/#breadcrumb\"},\"inLanguage\":\"fr-FR\",\"potentialAction\":[{\"@type\":\"ReadAction\",\"target\":[\"https:\\\/\\\/magical-mcnulty.84-247-140-18.plesk.page\\\/mon-compte\\\/\"]}]},{\"@type\":\"BreadcrumbList\",\"@id\":\"https:\\\/\\\/magical-mcnulty.84-247-140-18.plesk.page\\\/mon-compte\\\/#breadcrumb\",\"itemListElement\":[{\"@type\":\"ListItem\",\"position\":1,\"name\":\"Home\",\"item\":\"https:\\\/\\\/magical-mcnulty.84-247-140-18.plesk.page\\\/\"},{\"@type\":\"ListItem\",\"position\":2,\"name\":\"Mon compte\"}]},{\"@type\":\"WebSite\",\"@id\":\"https:\\\/\\\/magical-mcnulty.84-247-140-18.plesk.page\\\/#website\",\"url\":\"https:\\\/\\\/magical-mcnulty.84-247-140-18.plesk.page\\\/\",\"name\":\"Baana Baana Boutique\",\"description\":\"Red\u00e9finissons l&#039;achat en ligne !\",\"publisher\":{\"@id\":\"https:\\\/\\\/magical-mcnulty.84-247-140-18.plesk.page\\\/#organization\"},\"potentialAction\":[{\"@type\":\"SearchAction\",\"target\":{\"@type\":\"EntryPoint\",\"urlTemplate\":\"https:\\\/\\\/magical-mcnulty.84-247-140-18.plesk.page\\\/?s={search_term_string}\"},\"query-input\":{\"@type\":\"PropertyValueSpecification\",\"valueRequired\":true,\"valueName\":\"search_term_string\"}}],\"inLanguage\":\"fr-FR\"},{\"@type\":\"Organization\",\"@id\":\"https:\\\/\\\/magical-mcnulty.84-247-140-18.plesk.page\\\/#organization\",\"name\":\"Baana Baana Boutique\",\"url\":\"https:\\\/\\\/magical-mcnulty.84-247-140-18.plesk.page\\\/\",\"logo\":{\"@type\":\"ImageObject\",\"inLanguage\":\"fr-FR\",\"@id\":\"https:\\\/\\\/magical-mcnulty.84-247-140-18.plesk.page\\\/#\\\/schema\\\/logo\\\/image\\\/\",\"url\":\"https:\\\/\\\/magical-mcnulty.84-247-140-18.plesk.page\\\/wp-content\\\/uploads\\\/2025\\\/10\\\/favicon-baana-baana-boutique-2.png\",\"contentUrl\":\"https:\\\/\\\/magical-mcnulty.84-247-140-18.plesk.page\\\/wp-content\\\/uploads\\\/2025\\\/10\\\/favicon-baana-baana-boutique-2.png\",\"width\":512,\"height\":512,\"caption\":\"Baana Baana Boutique\"},\"image\":{\"@id\":\"https:\\\/\\\/magical-mcnulty.84-247-140-18.plesk.page\\\/#\\\/schema\\\/logo\\\/image\\\/\"},\"sameAs\":[\"https:\\\/\\\/www.facebook.com\\\/baanabaanaboutique\\\/\",\"https:\\\/\\\/www.instagram.com\\\/baanabaanaboutique\\\/\"]}]}<\/script>\n<!-- \/ Yoast SEO plugin. -->","yoast_head_json":{"title":"Mon compte - Baana Baana Boutique","description":"Tableau de bord Commandes Adresses D\u00e9tails du compte Mes mensurations D\u00e9connexion Bonjour admin (vous n\u2019\u00eates pas admin\u00a0? D\u00e9connexion) \u00c0 partir du tableau","robots":{"index":"index","follow":"follow","max-snippet":"max-snippet:-1","max-image-preview":"max-image-preview:large","max-video-preview":"max-video-preview:-1"},"canonical":"https:\/\/magical-mcnulty.84-247-140-18.plesk.page\/fr\/mon-compte\/","og_locale":"fr_FR","og_type":"article","og_title":"Mon compte - Baana Baana Boutique","og_description":"Tableau de bord Commandes Adresses D\u00e9tails du compte Mes mensurations D\u00e9connexion Bonjour admin (vous n\u2019\u00eates pas admin\u00a0? D\u00e9connexion) \u00c0 partir du tableau","og_url":"https:\/\/magical-mcnulty.84-247-140-18.plesk.page\/fr\/mon-compte\/","og_site_name":"Baana Baana Boutique","article_publisher":"https:\/\/www.facebook.com\/baanabaanaboutique\/","article_modified_time":"2025-11-25T21:15:50+00:00","og_image":[{"width":512,"height":512,"url":"https:\/\/magical-mcnulty.84-247-140-18.plesk.page\/wp-content\/uploads\/2025\/10\/favicon-baana-baana-boutique-2.png","type":"image\/png"}],"twitter_card":"summary_large_image","twitter_misc":{"Dur\u00e9e de lecture estim\u00e9e":"2 minutes"},"schema":{"@context":"https:\/\/schema.org","@graph":[{"@type":"WebPage","@id":"https:\/\/magical-mcnulty.84-247-140-18.plesk.page\/mon-compte\/","url":"https:\/\/magical-mcnulty.84-247-140-18.plesk.page\/mon-compte\/","name":"Mon compte - Baana Baana Boutique","isPartOf":{"@id":"https:\/\/magical-mcnulty.84-247-140-18.plesk.page\/#website"},"datePublished":"2025-10-10T17:48:17+00:00","dateModified":"2025-11-25T21:15:50+00:00","description":"Tableau de bord Commandes Adresses D\u00e9tails du compte Mes mensurations D\u00e9connexion Bonjour admin (vous n\u2019\u00eates pas admin\u00a0? D\u00e9connexion) \u00c0 partir du tableau","breadcrumb":{"@id":"https:\/\/magical-mcnulty.84-247-140-18.plesk.page\/mon-compte\/#breadcrumb"},"inLanguage":"fr-FR","potentialAction":[{"@type":"ReadAction","target":["https:\/\/magical-mcnulty.84-247-140-18.plesk.page\/mon-compte\/"]}]},{"@type":"BreadcrumbList","@id":"https:\/\/magical-mcnulty.84-247-140-18.plesk.page\/mon-compte\/#breadcrumb","itemListElement":[{"@type":"ListItem","position":1,"name":"Home","item":"https:\/\/magical-mcnulty.84-247-140-18.plesk.page\/"},{"@type":"ListItem","position":2,"name":"Mon compte"}]},{"@type":"WebSite","@id":"https:\/\/magical-mcnulty.84-247-140-18.plesk.page\/#website","url":"https:\/\/magical-mcnulty.84-247-140-18.plesk.page\/","name":"Baana Baana Boutique","description":"Red\u00e9finissons l&#039;achat en ligne !","publisher":{"@id":"https:\/\/magical-mcnulty.84-247-140-18.plesk.page\/#organization"},"potentialAction":[{"@type":"SearchAction","target":{"@type":"EntryPoint","urlTemplate":"https:\/\/magical-mcnulty.84-247-140-18.plesk.page\/?s={search_term_string}"},"query-input":{"@type":"PropertyValueSpecification","valueRequired":true,"valueName":"search_term_string"}}],"inLanguage":"fr-FR"},{"@type":"Organization","@id":"https:\/\/magical-mcnulty.84-247-140-18.plesk.page\/#organization","name":"Baana Baana Boutique","url":"https:\/\/magical-mcnulty.84-247-140-18.plesk.page\/","logo":{"@type":"ImageObject","inLanguage":"fr-FR","@id":"https:\/\/magical-mcnulty.84-247-140-18.plesk.page\/#\/schema\/logo\/image\/","url":"https:\/\/magical-mcnulty.84-247-140-18.plesk.page\/wp-content\/uploads\/2025\/10\/favicon-baana-baana-boutique-2.png","contentUrl":"https:\/\/magical-mcnulty.84-247-140-18.plesk.page\/wp-content\/uploads\/2025\/10\/favicon-baana-baana-boutique-2.png","width":512,"height":512,"caption":"Baana Baana Boutique"},"image":{"@id":"https:\/\/magical-mcnulty.84-247-140-18.plesk.page\/#\/schema\/logo\/image\/"},"sameAs":["https:\/\/www.facebook.com\/baanabaanaboutique\/","https:\/\/www.instagram.com\/baanabaanaboutique\/"]}]}},"_links":{"self":[{"href":"https:\/\/magical-mcnulty.84-247-140-18.plesk.page\/fr\/wp-json\/wp\/v2\/pages\/966","targetHints":{"allow":["GET"]}}],"collection":[{"href":"https:\/\/magical-mcnulty.84-247-140-18.plesk.page\/fr\/wp-json\/wp\/v2\/pages"}],"about":[{"href":"https:\/\/magical-mcnulty.84-247-140-18.plesk.page\/fr\/wp-json\/wp\/v2\/types\/page"}],"author":[{"embeddable":true,"href":"https:\/\/magical-mcnulty.84-247-140-18.plesk.page\/fr\/wp-json\/wp\/v2\/users\/1"}],"replies":[{"embeddable":true,"href":"https:\/\/magical-mcnulty.84-247-140-18.plesk.page\/fr\/wp-json\/wp\/v2\/comments?post=966"}],"version-history":[{"count":56,"href":"https:\/\/magical-mcnulty.84-247-140-18.plesk.page\/fr\/wp-json\/wp\/v2\/pages\/966\/revisions"}],"predecessor-version":[{"id":1824,"href":"https:\/\/magical-mcnulty.84-247-140-18.plesk.page\/fr\/wp-json\/wp\/v2\/pages\/966\/revisions\/1824"}],"wp:attachment":[{"href":"https:\/\/magical-mcnulty.84-247-140-18.plesk.page\/fr\/wp-json\/wp\/v2\/media?parent=966"}],"curies":[{"name":"wp","href":"https:\/\/api.w.org\/{rel}","templated":true}]}}